{"id":40,"date":"2023-11-16T07:47:54","date_gmt":"2023-11-16T06:47:54","guid":{"rendered":"https:\/\/w01.fecg-rottweil.de\/?page_id=40"},"modified":"2026-02-01T16:13:32","modified_gmt":"2026-02-01T15:13:32","slug":"ferien-mit-jesus","status":"publish","type":"page","link":"https:\/\/www.fecg-rottweil.de\/?page_id=40","title":{"rendered":"Ferien mit Jesus"},"content":{"rendered":"\n<p>Die Kinderfreizeit \u201eFerien mit Jesus\u201c unserer Gemeinde wird ungef\u00e4hr seit dem Jahr 2008 durchgef\u00fchrt. Damals waren es jedoch lediglich Projekttage mit Tagesaktivit\u00e4ten in kleineren Gruppen, wie beispielsweise Serviettentechnik oder \u201eOmas K\u00fcche\u201c, wo klassisch russische Rezepte gemeinsam gekocht wurden. Darunter fiel auch das Zelten einer Jungengruppe. Aus dieser Aktivit\u00e4t heraus entstand die Idee, das Zelten f\u00fcr alle Kinder der Gemeinde anzubieten, und so gab es das Zeltlager f\u00fcr Kinder im Alter von 10 \u2013 15 Jahren ab dem Jahr 2009. F\u00fcr die j\u00fcngeren Kinder der Gemeinde wurden in der Woche darauf dann wieder Tagesprojekte angeboten. Seitdem wird die Kinderfreizeit j\u00e4hrlich in der ersten Ferienwoche durchgef\u00fchrt. Dabei wurden schon verschiedenste Standorte, Leitthemen und Projektideen ausprobiert. Vom klassischen Zeltlager in Kleingruppen und winzigen Gruppenzelten entwickelte sich die Freizeit zu einer Veranstaltung f\u00fcr etwa 200 Kinder, die bereits mehrere Monate vorher geplant werden muss. Um Stationsspiele, Sportspiele, Tagesausfl\u00fcge und gemeinsame Gottesdienste mit abwechslungsreichem Programm durchf\u00fchren zu k\u00f6nnen und die Verpflegung f\u00fcr alle Beteiligten sicherstellen zu k\u00f6nnen, ist die tatkr\u00e4ftige Unterst\u00fctzung nahezu der ganzen Gemeinde n\u00f6tig. Gott sei Dank ist dies stets eine gesegnete, gemeinschaftliche Zeit, aus der vor allem die Kinder unvergessliche Erinnerungen mitnehmen.<\/p>\n\n\n\n<figure class=\"wp-block-image size-large\"><img loading=\"lazy\" decoding=\"async\" width=\"1024\" height=\"683\" src=\"https:\/\/www2.fecg-rottweil.de\/wp-content\/uploads\/2024\/01\/87-IMG_7518-scaled-1-1024x683.jpg\" alt=\"\" class=\"wp-image-356\"\/><\/figure>\n\n\n\n<figure class=\"wp-block-image size-large\"><img loading=\"lazy\" decoding=\"async\" width=\"1024\" height=\"683\" src=\"https:\/\/www2.fecg-rottweil.de\/wp-content\/uploads\/2024\/01\/127-IMG_7623-scaled-1-1024x683.jpg\" alt=\"\" class=\"wp-image-358\"\/><\/figure>\n\n\n\n<figure class=\"wp-block-image size-large\"><img loading=\"lazy\" decoding=\"async\" width=\"1024\" height=\"683\" src=\"https:\/\/www2.fecg-rottweil.de\/wp-content\/uploads\/2024\/01\/207-IMG_7825-scaled-1-1024x683.jpg\" alt=\"\" class=\"wp-image-359\"\/><\/figure>\n\n\n\n<figure class=\"wp-block-image size-large\"><img loading=\"lazy\" decoding=\"async\" width=\"1024\" height=\"683\" src=\"https:\/\/www2.fecg-rottweil.de\/wp-content\/uploads\/2024\/01\/20-IMG_7270-scaled-1-1024x683.jpg\" alt=\"\" class=\"wp-image-361\"\/><\/figure>\n\n\n\n<figure class=\"wp-block-image size-large\"><img loading=\"lazy\" decoding=\"async\" width=\"1024\" height=\"683\" src=\"https:\/\/www2.fecg-rottweil.de\/wp-content\/uploads\/2024\/01\/499-IMG_8565-scaled-1-1024x683.jpg\" alt=\"\" class=\"wp-image-362\"\/><\/figure>\n\n\n\n<figure class=\"wp-block-image size-large\"><img loading=\"lazy\" decoding=\"async\" width=\"1024\" height=\"683\" src=\"https:\/\/www2.fecg-rottweil.de\/wp-content\/uploads\/2024\/01\/669-IMG_9071-scaled-1-1024x683.jpg\" alt=\"\" class=\"wp-image-363\"\/><\/figure>\n\n\n\n<figure class=\"wp-block-image size-large\"><img loading=\"lazy\" decoding=\"async\" width=\"1024\" height=\"683\" src=\"https:\/\/www2.fecg-rottweil.de\/wp-content\/uploads\/2024\/01\/697-IMG_9165-scaled-1-1024x683.jpg\" alt=\"\" class=\"wp-image-364\"\/><\/figure>\n\n\n\n<figure class=\"wp-block-image size-large\"><img loading=\"lazy\" decoding=\"async\" width=\"1024\" height=\"683\" src=\"https:\/\/www2.fecg-rottweil.de\/wp-content\/uploads\/2024\/01\/714-IMG_9275-scaled-1-1024x683.jpg\" alt=\"\" class=\"wp-image-365\"\/><\/figure>\n\n\n\n<figure class=\"wp-block-image size-large\"><img loading=\"lazy\" decoding=\"async\" width=\"1024\" height=\"683\" src=\"https:\/\/www2.fecg-rottweil.de\/wp-content\/uploads\/2024\/01\/879-IMG_9799-scaled-1-1024x683.jpg\" alt=\"\" class=\"wp-image-367\"\/><\/figure>\n\n\n\n<figure class=\"wp-block-image size-large\"><img loading=\"lazy\" decoding=\"async\" width=\"1024\" height=\"683\" src=\"https:\/\/www2.fecg-rottweil.de\/wp-content\/uploads\/2024\/01\/913-IMG_9919-scaled-1-1024x683.jpg\" alt=\"\" class=\"wp-image-368\"\/><\/figure>\n\n\n\n<figure class=\"wp-block-image size-large\"><img loading=\"lazy\" decoding=\"async\" width=\"1024\" height=\"683\" src=\"https:\/\/www2.fecg-rottweil.de\/wp-content\/uploads\/2024\/01\/934-IMG_9985-scaled-1-1024x683.jpg\" alt=\"\" class=\"wp-image-369\"\/><\/figure>\n\n\n\n<figure class=\"wp-block-image size-large\"><img loading=\"lazy\" decoding=\"async\" width=\"1024\" height=\"684\" src=\"https:\/\/www2.fecg-rottweil.de\/wp-content\/uploads\/2024\/01\/962-DSC_4300-scaled-1-1024x684.jpg\" alt=\"\" class=\"wp-image-370\"\/><\/figure>\n\n\n\n<figure class=\"wp-block-image size-large\"><img loading=\"lazy\" decoding=\"async\" width=\"1024\" height=\"684\" src=\"https:\/\/www2.fecg-rottweil.de\/wp-content\/uploads\/2024\/01\/1050-DSC_4475123-scaled-1-1024x684.jpg\" alt=\"\" class=\"wp-image-371\"\/><\/figure>\n\n\n\n<figure class=\"wp-block-image size-large\"><img loading=\"lazy\" decoding=\"async\" width=\"684\" height=\"1024\" src=\"https:\/\/www2.fecg-rottweil.de\/wp-content\/uploads\/2024\/01\/1135-DSC_4620123-scaled-1-684x1024.jpg\" alt=\"\" class=\"wp-image-372\"\/><\/figure>\n\n\n\n<figure class=\"wp-block-image size-large\"><img loading=\"lazy\" decoding=\"async\" width=\"684\" height=\"1024\" src=\"https:\/\/www2.fecg-rottweil.de\/wp-content\/uploads\/2024\/01\/1387-DSC_5588-scaled-1-684x1024.jpg\" alt=\"\" class=\"wp-image-374\"\/><\/figure>\n\n\n\n<figure class=\"wp-block-image size-large\"><img loading=\"lazy\" decoding=\"async\" width=\"1024\" height=\"683\" src=\"https:\/\/www2.fecg-rottweil.de\/wp-content\/uploads\/2024\/01\/1732-IMG_1017-scaled-1-1024x683.jpg\" alt=\"\" class=\"wp-image-375\"\/><\/figure>\n","protected":false},"excerpt":{"rendered":"<p>Die Kinderfreizeit \u201eFerien mit Jesus\u201c unserer Gemeinde wird ungef\u00e4hr seit dem Jahr 2008 durchgef\u00fchrt. Damals waren es jedoch lediglich Projekttage mit Tagesaktivit\u00e4ten in kleineren Gruppen, wie beispielsweise Serviettentechnik oder \u201eOmas K\u00fcche\u201c, wo klassisch russische Rezepte gemeinsam gekocht wurden. Darunter fiel auch das Zelten einer Jungengruppe. Aus dieser Aktivit\u00e4t heraus entstand die Idee, das Zelten f\u00fcr alle Kinder der Gemeinde anzubieten, und so gab es das Zeltlager f\u00fcr Kinder im Alter von 10 \u2013 15 Jahren ab dem Jahr 2009. F\u00fcr&#8230;<\/p>\n<p class=\"read-more\"><a class=\"btn btn-default\" href=\"https:\/\/www.fecg-rottweil.de\/?page_id=40\">Weiterlesen<span class=\"screen-reader-text\"> Weiterlesen<\/span><\/a><\/p>\n","protected":false},"author":1,"featured_media":82,"parent":0,"menu_order":0,"comment_status":"closed","ping_status":"closed","template":"","meta":{"footnotes":""},"class_list":["post-40","page","type-page","status-publish","has-post-thumbnail","hentry"],"aioseo_notices":[],"_links":{"self":[{"href":"https:\/\/www.fecg-rottweil.de\/index.php?rest_route=\/wp\/v2\/pages\/40","targetHints":{"allow":["GET"]}}],"collection":[{"href":"https:\/\/www.fecg-rottweil.de\/index.php?rest_route=\/wp\/v2\/pages"}],"about":[{"href":"https:\/\/www.fecg-rottweil.de\/index.php?rest_route=\/wp\/v2\/types\/page"}],"author":[{"embeddable":true,"href":"https:\/\/www.fecg-rottweil.de\/index.php?rest_route=\/wp\/v2\/users\/1"}],"replies":[{"embeddable":true,"href":"https:\/\/www.fecg-rottweil.de\/index.php?rest_route=%2Fwp%2Fv2%2Fcomments&post=40"}],"version-history":[{"count":1,"href":"https:\/\/www.fecg-rottweil.de\/index.php?rest_route=\/wp\/v2\/pages\/40\/revisions"}],"predecessor-version":[{"id":455,"href":"https:\/\/www.fecg-rottweil.de\/index.php?rest_route=\/wp\/v2\/pages\/40\/revisions\/455"}],"wp:featuredmedia":[{"embeddable":true,"href":"https:\/\/www.fecg-rottweil.de\/index.php?rest_route=\/wp\/v2\/media\/82"}],"wp:attachment":[{"href":"https:\/\/www.fecg-rottweil.de\/index.php?rest_route=%2Fwp%2Fv2%2Fmedia&parent=40"}],"curies":[{"name":"wp","href":"https:\/\/api.w.org\/{rel}","templated":true}]}}