{"id":36,"date":"2023-11-16T07:47:54","date_gmt":"2023-11-16T06:47:54","guid":{"rendered":"https:\/\/w01.fecg-rottweil.de\/?page_id=36"},"modified":"2026-02-01T16:23:38","modified_gmt":"2026-02-01T15:23:38","slug":"schulranzenaktion","status":"publish","type":"page","link":"https:\/\/www.fecg-rottweil.de\/?page_id=36","title":{"rendered":"Schulranzenaktion"},"content":{"rendered":"\n<p>Die Teilnahme am Schulunterricht ist f\u00fcr uns selbstverst\u00e4ndlich, doch f\u00fcr viele Kinder in Rum\u00e4nien, wo staatliche Schulen zwar kostenlos sind, bleibt der Zugang zu Bildung ein unerf\u00fcllter Wunsch, wenn grundlegende Schulmaterialien fehlen. Heft und Stift sind oft unerschwinglich f\u00fcr arme Familien. In Anbetracht dieser Herausforderung entstand die Idee einer Schulranzen-Aktion. <strong>Jedes Jahr <\/strong>sammeln wir Schulranzen und f\u00fcllen sie mit dringend ben\u00f6tigten Schulutensilien. Mit gro\u00dfem Einsatz machen sich dann Freiwillige auf den Weg nach Rum\u00e4nien, um die gef\u00fcllten Schulranzen zum Schuljahresbeginn an bed\u00fcrftige Familien zu verteilen. Diese Initiative erm\u00f6glicht vielen Kindern den Zugang zu Bildung und \u00f6ffnet T\u00fcren zu einer besseren Zukunft.<\/p>\n\n\n\n<p>Hier ein paar Eindr\u00fcck der letzen Jahre. <\/p>\n\n\n\n<figure class=\"wp-block-gallery has-nested-images columns-default is-cropped wp-block-gallery-1 is-layout-flex wp-block-gallery-is-layout-flex\">\n<figure class=\"wp-block-image size-large\"><img loading=\"lazy\" decoding=\"async\" width=\"768\" height=\"1024\" data-id=\"206\" src=\"https:\/\/www2.fecg-rottweil.de\/wp-content\/uploads\/2023\/12\/20210805_184809-scaled-1-768x1024.jpg\" alt=\"\" class=\"wp-image-206\"\/><\/figure>\n\n\n\n<figure class=\"wp-block-image size-large\"><img loading=\"lazy\" decoding=\"async\" width=\"768\" height=\"1024\" data-id=\"205\" src=\"https:\/\/www2.fecg-rottweil.de\/wp-content\/uploads\/2023\/12\/20210808_182529-scaled-1-768x1024.jpg\" alt=\"\" class=\"wp-image-205\"\/><\/figure>\n\n\n\n<figure class=\"wp-block-image size-large\"><img loading=\"lazy\" decoding=\"async\" width=\"768\" height=\"1024\" data-id=\"204\" src=\"https:\/\/www2.fecg-rottweil.de\/wp-content\/uploads\/2023\/12\/20210808_170435-scaled-1-768x1024.jpg\" alt=\"\" class=\"wp-image-204\"\/><\/figure>\n\n\n\n<figure class=\"wp-block-image size-large\"><img loading=\"lazy\" decoding=\"async\" width=\"768\" height=\"1024\" data-id=\"203\" src=\"https:\/\/www2.fecg-rottweil.de\/wp-content\/uploads\/2023\/12\/20210808_150515-scaled-1-768x1024.jpg\" alt=\"\" class=\"wp-image-203\"\/><\/figure>\n\n\n\n<figure class=\"wp-block-image size-large\"><img loading=\"lazy\" decoding=\"async\" width=\"768\" height=\"1024\" data-id=\"202\" src=\"https:\/\/www2.fecg-rottweil.de\/wp-content\/uploads\/2023\/12\/20210808_151535-scaled-1-768x1024.jpg\" alt=\"\" class=\"wp-image-202\"\/><\/figure>\n\n\n\n<figure class=\"wp-block-image size-large\"><img decoding=\"async\" data-id=\"186\" src=\"https:\/\/www2.fecg-rottweil.de\/wp-content\/uploads\/2023\/12\/WhatsApp-Image-2023-07-05-at-22.00.04-4.jpeg\" alt=\"\" class=\"wp-image-186\"\/><\/figure>\n<\/figure>\n","protected":false},"excerpt":{"rendered":"<p>Die Teilnahme am Schulunterricht ist f\u00fcr uns selbstverst\u00e4ndlich, doch f\u00fcr viele Kinder in Rum\u00e4nien, wo staatliche Schulen zwar kostenlos sind, bleibt der Zugang zu Bildung ein unerf\u00fcllter Wunsch, wenn grundlegende Schulmaterialien fehlen. Heft und Stift sind oft unerschwinglich f\u00fcr arme Familien. In Anbetracht dieser Herausforderung entstand die Idee einer Schulranzen-Aktion. Jedes Jahr sammeln wir Schulranzen und f\u00fcllen sie mit dringend ben\u00f6tigten Schulutensilien. Mit gro\u00dfem Einsatz machen sich dann Freiwillige auf den Weg nach Rum\u00e4nien, um die gef\u00fcllten Schulranzen zum Schuljahresbeginn&#8230;<\/p>\n<p class=\"read-more\"><a class=\"btn btn-default\" href=\"https:\/\/www.fecg-rottweil.de\/?page_id=36\">Weiterlesen<span class=\"screen-reader-text\"> Weiterlesen<\/span><\/a><\/p>\n","protected":false},"author":1,"featured_media":0,"parent":0,"menu_order":0,"comment_status":"closed","ping_status":"closed","template":"","meta":{"footnotes":""},"class_list":["post-36","page","type-page","status-publish","hentry"],"aioseo_notices":[],"_links":{"self":[{"href":"https:\/\/www.fecg-rottweil.de\/index.php?rest_route=\/wp\/v2\/pages\/36","targetHints":{"allow":["GET"]}}],"collection":[{"href":"https:\/\/www.fecg-rottweil.de\/index.php?rest_route=\/wp\/v2\/pages"}],"about":[{"href":"https:\/\/www.fecg-rottweil.de\/index.php?rest_route=\/wp\/v2\/types\/page"}],"author":[{"embeddable":true,"href":"https:\/\/www.fecg-rottweil.de\/index.php?rest_route=\/wp\/v2\/users\/1"}],"replies":[{"embeddable":true,"href":"https:\/\/www.fecg-rottweil.de\/index.php?rest_route=%2Fwp%2Fv2%2Fcomments&post=36"}],"version-history":[{"count":1,"href":"https:\/\/www.fecg-rottweil.de\/index.php?rest_route=\/wp\/v2\/pages\/36\/revisions"}],"predecessor-version":[{"id":465,"href":"https:\/\/www.fecg-rottweil.de\/index.php?rest_route=\/wp\/v2\/pages\/36\/revisions\/465"}],"wp:attachment":[{"href":"https:\/\/www.fecg-rottweil.de\/index.php?rest_route=%2Fwp%2Fv2%2Fmedia&parent=36"}],"curies":[{"name":"wp","href":"https:\/\/api.w.org\/{rel}","templated":true}]}}