{"id":35,"date":"2023-11-16T07:47:54","date_gmt":"2023-11-16T06:47:54","guid":{"rendered":"https:\/\/w01.fecg-rottweil.de\/?page_id=35"},"modified":"2026-02-01T16:19:29","modified_gmt":"2026-02-01T15:19:29","slug":"moldawien","status":"publish","type":"page","link":"https:\/\/www.fecg-rottweil.de\/?page_id=35","title":{"rendered":"Moldawien"},"content":{"rendered":"\n<p>Die Missionsarbeit unserer Gemeinde in Moldawien begann im Jahr 2019, wo wir durch die Bekanntschaft eines Bruders auf das kleine Dorf \u201egr\u0103dini\u0163\u0103\u201c aufmerksam wurden. Die Kirchengemeinde veranstaltete hier eine Kinderfreizeit f\u00fcr die Kinder der umliegenden Umgebung. So wurde wenig sp\u00e4ter der Entschluss gefasst, unsere Jugend k\u00f6nnte sich dort zur Unterst\u00fctzung beteiligen. Es wurden zwei Reisegruppen gebildet, Projektpl\u00e4ne und private Spenden wurden gesammelt. Die \u00dcberraschung unserer Jugend war gro\u00df, denn die Umst\u00e4nde in der Unterkunft vor Ort waren f\u00fcr unsere gewohnten Standards \u00e4u\u00dferst primitiv. Doch schnell gew\u00f6hnte sich die Jugend an diese Verh\u00e4ltnisse und richtete sich gemeinsam in dem Haus ein, welches sie f\u00fcr diesen Zeitraum bewohnen durften. Auch die Lage der Kinder war erschreckend. Sie kamen aus armutsbelasteten Familien und hatten oftmals niemanden, der sich richtig um sie k\u00fcmmerte. Dennoch freuten sie sich riesig \u00fcber die ihnen gebotenen Projekte, die warmen Mahlzeiten und die gemeinsamen Gottesdienste. Diese erste, sehr positive Erfahrung f\u00fchrte zu weiteren bereitwilligen Fahrten nach Moldawien. Dabei blieb es nicht nur bei der Durchf\u00fchrung der Kinderfreizeit, es wurden auch private Spenden \u00fcberbracht und Hilfsprojekte f\u00fcr die Leute aus dem Dorf durchgef\u00fchrt. \u00dcber Jahre wurden so Freundschaften gekn\u00fcpft und durch Gottes Gnade bleibende Ver\u00e4nderungen bei allen Beteiligten bewirkt.<\/p>\n\n\n\n<figure class=\"wp-block-gallery has-nested-images columns-default is-cropped wp-block-gallery-1 is-layout-flex wp-block-gallery-is-layout-flex\">\n<figure class=\"wp-block-image size-large\"><img loading=\"lazy\" decoding=\"async\" width=\"768\" height=\"1024\" data-id=\"384\" src=\"https:\/\/www2.fecg-rottweil.de\/wp-content\/uploads\/2024\/01\/IMG-20220105-WA0072-768x1024.jpg\" alt=\"\" class=\"wp-image-384\"\/><\/figure>\n\n\n\n<figure class=\"wp-block-image size-large\"><img loading=\"lazy\" decoding=\"async\" width=\"1024\" height=\"768\" data-id=\"385\" src=\"https:\/\/www2.fecg-rottweil.de\/wp-content\/uploads\/2024\/01\/IMG-20220105-WA0100-1024x768.jpg\" alt=\"\" class=\"wp-image-385\"\/><\/figure>\n\n\n\n<figure class=\"wp-block-image size-large\"><img loading=\"lazy\" decoding=\"async\" width=\"768\" height=\"1024\" data-id=\"386\" src=\"https:\/\/www2.fecg-rottweil.de\/wp-content\/uploads\/2024\/01\/20220103_110844-Gross-rotated-1-768x1024.jpg\" alt=\"\" class=\"wp-image-386\"\/><\/figure>\n\n\n\n<figure class=\"wp-block-image size-large\"><img loading=\"lazy\" decoding=\"async\" width=\"480\" height=\"640\" data-id=\"387\" src=\"https:\/\/www2.fecg-rottweil.de\/wp-content\/uploads\/2024\/01\/20220103_114813-Klein-1-rotated-1.jpg\" alt=\"\" class=\"wp-image-387\" srcset=\"https:\/\/www.fecg-rottweil.de\/wp-content\/uploads\/2024\/01\/20220103_114813-Klein-1-rotated-1.jpg 480w, https:\/\/www.fecg-rottweil.de\/wp-content\/uploads\/2024\/01\/20220103_114813-Klein-1-rotated-1-225x300.jpg 225w\" sizes=\"auto, (max-width: 480px) 100vw, 480px\" \/><\/figure>\n\n\n\n<figure class=\"wp-block-image size-large\"><img loading=\"lazy\" decoding=\"async\" width=\"768\" height=\"1024\" data-id=\"388\" src=\"https:\/\/www2.fecg-rottweil.de\/wp-content\/uploads\/2024\/01\/20220103_114825-Gross-rotated-1-768x1024.jpg\" alt=\"\" class=\"wp-image-388\"\/><\/figure>\n\n\n\n<figure class=\"wp-block-image size-large\"><img loading=\"lazy\" decoding=\"async\" width=\"1024\" height=\"576\" data-id=\"389\" src=\"https:\/\/www2.fecg-rottweil.de\/wp-content\/uploads\/2024\/01\/dji_export_1641413371828-Gross-1024x576.jpg\" alt=\"\" class=\"wp-image-389\"\/><figcaption class=\"wp-element-caption\">DCIM100MEDIADJI_0167.JPG<\/figcaption><\/figure>\n\n\n\n<figure class=\"wp-block-image size-large\"><img loading=\"lazy\" decoding=\"async\" width=\"1024\" height=\"576\" data-id=\"390\" src=\"https:\/\/www2.fecg-rottweil.de\/wp-content\/uploads\/2024\/01\/dji_export_1641413372546-Gross-1024x576.jpg\" alt=\"\" class=\"wp-image-390\"\/><figcaption class=\"wp-element-caption\">DCIM100MEDIADJI_0175.JPG<\/figcaption><\/figure>\n\n\n\n<figure class=\"wp-block-image size-large\"><img loading=\"lazy\" decoding=\"async\" width=\"1024\" height=\"768\" data-id=\"391\" src=\"https:\/\/www2.fecg-rottweil.de\/wp-content\/uploads\/2024\/01\/20210601_140803-Gross-1024x768.jpg\" alt=\"\" class=\"wp-image-391\"\/><\/figure>\n\n\n\n<figure class=\"wp-block-image size-large\"><img loading=\"lazy\" decoding=\"async\" width=\"768\" height=\"1024\" data-id=\"392\" src=\"https:\/\/www2.fecg-rottweil.de\/wp-content\/uploads\/2024\/01\/20210603_103855-Gross-rotated-1-768x1024.jpg\" alt=\"\" class=\"wp-image-392\"\/><\/figure>\n\n\n\n<figure class=\"wp-block-image size-large\"><img loading=\"lazy\" decoding=\"async\" width=\"1024\" height=\"461\" data-id=\"393\" src=\"https:\/\/www2.fecg-rottweil.de\/wp-content\/uploads\/2024\/01\/IMG_20210812_193233-scaled-1-1024x461.jpg\" alt=\"\" class=\"wp-image-393\"\/><\/figure>\n<\/figure>\n","protected":false},"excerpt":{"rendered":"<p>Die Missionsarbeit unserer Gemeinde in Moldawien begann im Jahr 2019, wo wir durch die Bekanntschaft eines Bruders auf das kleine Dorf \u201egr\u0103dini\u0163\u0103\u201c aufmerksam wurden. Die Kirchengemeinde veranstaltete hier eine Kinderfreizeit f\u00fcr die Kinder der umliegenden Umgebung. So wurde wenig sp\u00e4ter der Entschluss gefasst, unsere Jugend k\u00f6nnte sich dort zur Unterst\u00fctzung beteiligen. Es wurden zwei Reisegruppen gebildet, Projektpl\u00e4ne und private Spenden wurden gesammelt. Die \u00dcberraschung unserer Jugend war gro\u00df, denn die Umst\u00e4nde in der Unterkunft vor Ort waren f\u00fcr unsere gewohnten&#8230;<\/p>\n<p class=\"read-more\"><a class=\"btn btn-default\" href=\"https:\/\/www.fecg-rottweil.de\/?page_id=35\">Weiterlesen<span class=\"screen-reader-text\"> Weiterlesen<\/span><\/a><\/p>\n","protected":false},"author":1,"featured_media":0,"parent":0,"menu_order":0,"comment_status":"closed","ping_status":"closed","template":"","meta":{"footnotes":""},"class_list":["post-35","page","type-page","status-publish","hentry"],"aioseo_notices":[],"_links":{"self":[{"href":"https:\/\/www.fecg-rottweil.de\/index.php?rest_route=\/wp\/v2\/pages\/35","targetHints":{"allow":["GET"]}}],"collection":[{"href":"https:\/\/www.fecg-rottweil.de\/index.php?rest_route=\/wp\/v2\/pages"}],"about":[{"href":"https:\/\/www.fecg-rottweil.de\/index.php?rest_route=\/wp\/v2\/types\/page"}],"author":[{"embeddable":true,"href":"https:\/\/www.fecg-rottweil.de\/index.php?rest_route=\/wp\/v2\/users\/1"}],"replies":[{"embeddable":true,"href":"https:\/\/www.fecg-rottweil.de\/index.php?rest_route=%2Fwp%2Fv2%2Fcomments&post=35"}],"version-history":[{"count":1,"href":"https:\/\/www.fecg-rottweil.de\/index.php?rest_route=\/wp\/v2\/pages\/35\/revisions"}],"predecessor-version":[{"id":461,"href":"https:\/\/www.fecg-rottweil.de\/index.php?rest_route=\/wp\/v2\/pages\/35\/revisions\/461"}],"wp:attachment":[{"href":"https:\/\/www.fecg-rottweil.de\/index.php?rest_route=%2Fwp%2Fv2%2Fmedia&parent=35"}],"curies":[{"name":"wp","href":"https:\/\/api.w.org\/{rel}","templated":true}]}}