{"id":34,"date":"2023-11-16T07:47:54","date_gmt":"2023-11-16T06:47:54","guid":{"rendered":"https:\/\/w01.fecg-rottweil.de\/?page_id=34"},"modified":"2023-11-16T07:47:54","modified_gmt":"2023-11-16T06:47:54","slug":"rumaenien","status":"publish","type":"page","link":"https:\/\/www.fecg-rottweil.de\/?page_id=34","title":{"rendered":"Rum\u00e4nien"},"content":{"rendered":"\n<p>Rum\u00e4nien, ein Land in S\u00fcdosteuropa, zeichnet sich durch seine beeindruckende Natur und reiche Geschichte aus. Es liegt am westlichen Rand des Schwarzen Meeres und grenzt an Bulgarien, Serbien, Ungarn, die Ukraine und Moldawien. Das imposante Karpaten-Gebirge erstreckt sich \u00fcber einen gro\u00dfen Teil des Landes.<\/p>\n\n\n\n<p>Rum\u00e4nien ist ein faszinierendes Land, das von immer mehr Menschen aus der ganzen Welt entdeckt wird. Obwohl es in den letzten Jahren als beliebtes Reiseziel immer beliebter geworden ist, bleibt die Armut eine gro\u00dfe Herausforderung f\u00fcr viele Einheimische.<br>Das Land hat mit einer Vielzahl von sozialen und wirtschaftlichen Herausforderungen zu k\u00e4mpfen. Viele Menschen leben in extremer Armut, vor allem in l\u00e4ndlichen Regionen. Es mangelt an grundlegenden Bed\u00fcrfnissen wie Nahrung, sauberem Wasser, medizinischer Versorgung und Bildung. Besonders Kinder sind von dieser Situation betroffen und k\u00e4mpfen jeden Tag ums \u00dcberleben.<br>Diese Umst\u00e4nde f\u00fchren zu einer starken Abh\u00e4ngigkeit von humanit\u00e4rer Hilfe.<\/p>\n\n\n\n<p>Ein Bruder aus der Gemeinde, ein geb\u00fcrtiger Rum\u00e4ne, fiel aufgrund seiner Herkunft und seiner regelm\u00e4\u00dfigen Besuche in seinem Heimatland auf. Immer wieder begab er sich auf den langen Weg dorthin, um Lebensmittel, Sachspenden und andere notwendige Mittel zur Hilfe zu bringen. Im Laufe der Zeit meldeten sich immer mehr Freiwillige, die bereit waren, sowohl physisch als auch geistig in diesem fremden Land Unterst\u00fctzung zu leisten.<br>Im Jahr 2022 zog die Familie zur\u00fcck in ihr Heimatland, doch der enge Kontakt nach Deutschland besteht auch heute noch. Kontinuierliche Aktionen wie &#8222;Weihnachten im Schuhkarton&#8220; oder die Schulranzenaktion bieten M\u00f6glichkeiten, humanit\u00e4re Hilfe zu leisten.<\/p>\n\n\n\n<figure class=\"wp-block-gallery has-nested-images columns-default is-cropped wp-block-gallery-1 is-layout-flex wp-block-gallery-is-layout-flex\">\n<figure class=\"wp-block-image size-large\"><img loading=\"lazy\" decoding=\"async\" width=\"1024\" height=\"462\" data-id=\"189\" src=\"https:\/\/w01.fecg-rottweil.de\/wp-content\/uploads\/2023\/12\/photo_5278395574653143529_y-1024x462.jpg\" alt=\"\" class=\"wp-image-189\" srcset=\"https:\/\/www.fecg-rottweil.de\/wp-content\/uploads\/2023\/12\/photo_5278395574653143529_y-1024x462.jpg 1024w, https:\/\/www.fecg-rottweil.de\/wp-content\/uploads\/2023\/12\/photo_5278395574653143529_y-300x135.jpg 300w, https:\/\/www.fecg-rottweil.de\/wp-content\/uploads\/2023\/12\/photo_5278395574653143529_y-768x346.jpg 768w, https:\/\/www.fecg-rottweil.de\/wp-content\/uploads\/2023\/12\/photo_5278395574653143529_y.jpg 1280w\" sizes=\"auto, (max-width: 1024px) 100vw, 1024px\" \/><\/figure>\n\n\n\n<figure class=\"wp-block-image size-large\"><img loading=\"lazy\" decoding=\"async\" width=\"461\" height=\"1024\" data-id=\"188\" src=\"https:\/\/w01.fecg-rottweil.de\/wp-content\/uploads\/2023\/12\/IMG-20230430-WA0003-461x1024.jpg\" alt=\"\" class=\"wp-image-188\"\/><\/figure>\n\n\n\n<figure class=\"wp-block-image size-large\"><img loading=\"lazy\" decoding=\"async\" width=\"461\" height=\"1024\" data-id=\"187\" src=\"https:\/\/w01.fecg-rottweil.de\/wp-content\/uploads\/2023\/12\/IMG-20230429-WA0006-461x1024.jpg\" alt=\"\" class=\"wp-image-187\"\/><\/figure>\n\n\n\n<figure class=\"wp-block-image size-large\"><img decoding=\"async\" data-id=\"186\" src=\"https:\/\/w01.fecg-rottweil.de\/wp-content\/uploads\/2023\/12\/WhatsApp-Image-2023-07-05-at-22.00.04-4.jpeg\" alt=\"\" class=\"wp-image-186\"\/><\/figure>\n\n\n\n<figure class=\"wp-block-image size-large\"><img decoding=\"async\" data-id=\"185\" src=\"https:\/\/w01.fecg-rottweil.de\/wp-content\/uploads\/2023\/12\/WhatsApp-Image-2023-07-05-at-22.00.04-3.jpeg\" alt=\"\" class=\"wp-image-185\"\/><\/figure>\n\n\n\n<figure class=\"wp-block-image size-large\"><img decoding=\"async\" data-id=\"184\" src=\"https:\/\/w01.fecg-rottweil.de\/wp-content\/uploads\/2023\/12\/WhatsApp-Image-2023-07-05-at-22.00.04-2.jpeg\" alt=\"\" class=\"wp-image-184\"\/><\/figure>\n<\/figure>\n","protected":false},"excerpt":{"rendered":"<p>Rum\u00e4nien, ein Land in S\u00fcdosteuropa, zeichnet sich durch seine beeindruckende Natur und reiche Geschichte aus. Es liegt am westlichen Rand des Schwarzen Meeres und grenzt an Bulgarien, Serbien, Ungarn, die Ukraine und Moldawien. Das imposante Karpaten-Gebirge erstreckt sich \u00fcber einen gro\u00dfen Teil des Landes. Rum\u00e4nien ist ein faszinierendes Land, das von immer mehr Menschen aus der ganzen Welt entdeckt wird. Obwohl es in den letzten Jahren als beliebtes Reiseziel immer beliebter geworden ist, bleibt die Armut eine gro\u00dfe Herausforderung f\u00fcr&#8230;<\/p>\n<p class=\"read-more\"><a class=\"btn btn-default\" href=\"https:\/\/www.fecg-rottweil.de\/?page_id=34\">Weiterlesen<span class=\"screen-reader-text\"> Weiterlesen<\/span><\/a><\/p>\n","protected":false},"author":1,"featured_media":0,"parent":0,"menu_order":0,"comment_status":"closed","ping_status":"closed","template":"","meta":{"footnotes":""},"class_list":["post-34","page","type-page","status-publish","hentry"],"aioseo_notices":[],"_links":{"self":[{"href":"https:\/\/www.fecg-rottweil.de\/index.php?rest_route=\/wp\/v2\/pages\/34","targetHints":{"allow":["GET"]}}],"collection":[{"href":"https:\/\/www.fecg-rottweil.de\/index.php?rest_route=\/wp\/v2\/pages"}],"about":[{"href":"https:\/\/www.fecg-rottweil.de\/index.php?rest_route=\/wp\/v2\/types\/page"}],"author":[{"embeddable":true,"href":"https:\/\/www.fecg-rottweil.de\/index.php?rest_route=\/wp\/v2\/users\/1"}],"replies":[{"embeddable":true,"href":"https:\/\/www.fecg-rottweil.de\/index.php?rest_route=%2Fwp%2Fv2%2Fcomments&post=34"}],"version-history":[{"count":0,"href":"https:\/\/www.fecg-rottweil.de\/index.php?rest_route=\/wp\/v2\/pages\/34\/revisions"}],"wp:attachment":[{"href":"https:\/\/www.fecg-rottweil.de\/index.php?rest_route=%2Fwp%2Fv2%2Fmedia&parent=34"}],"curies":[{"name":"wp","href":"https:\/\/api.w.org\/{rel}","templated":true}]}}