{"id":33,"date":"2023-11-16T07:47:54","date_gmt":"2023-11-16T06:47:54","guid":{"rendered":"https:\/\/w01.fecg-rottweil.de\/?page_id=33"},"modified":"2023-11-16T07:47:54","modified_gmt":"2023-11-16T06:47:54","slug":"uganda","status":"publish","type":"page","link":"https:\/\/www.fecg-rottweil.de\/?page_id=33","title":{"rendered":"Uganda"},"content":{"rendered":"\n<p>Ein kleines Land in Westafrika, das auch als die Perle Afrikas bekannt ist. Doch es hat auch eine andere Seite \u2013 brutale Armut, ein t\u00e4glicher \u00dcberlebenskampf und viele Kinder, darunter zahlreiche Waisenkinder.<\/p>\n\n\n\n<p>Das Land wird oft als missionsm\u00fcde beschrieben. Es wurde bereits viel Verk\u00fcndigungsarbeit verschiedener Konfessionen geleistet, aber oft werden die Neu-Bekehrten zur\u00fcckgelassen. Dies hat zu gro\u00dfer geistlicher Armut und Verwirrung gef\u00fchrt.<\/p>\n\n\n\n<p>CDH Stephanus ist hier in Uganda t\u00e4tig. Gemeinsam m\u00f6chten wir unter anderem durch Bildung, medizinische und humanit\u00e4re Arbeit Gottes Reich weiterbauen. Der Fokus liegt auf der geistlichen Arbeit, mit dem Ziel, ein bibeltreues geistliches Fundament zu errichten. Kurz gesagt, die Gemeinde gem\u00e4\u00df dem Auftrag von Jesus Christus in der Bibel aufzubauen. Wir m\u00f6chten nicht nur Verk\u00fcnder, sondern auch Begleiter sein. Vor Ort haben wir viele praktische M\u00f6glichkeiten, wie z. B. durch physische und materielle Hilfe, Jesus Christus als den Gekreuzigten, Auferstandenen und wiederkommenden Herrn den Menschen zu predigen. <\/p>\n\n\n\n<p>Mehr Infos unter: <a href=\"https:\/\/cdh-stephanus.org\/uganda\">https:\/\/cdh-stephanus.org\/uganda<\/a><\/p>\n\n\n\n<figure class=\"wp-block-gallery has-nested-images columns-default is-cropped wp-block-gallery-1 is-layout-flex wp-block-gallery-is-layout-flex\">\n<figure class=\"wp-block-image size-large\"><img decoding=\"async\" data-id=\"209\" src=\"https:\/\/w01.fecg-rottweil.de\/wp-content\/uploads\/2023\/12\/WhatsApp-Image-2023-07-04-at-00.09.02-2.jpeg\" alt=\"\" class=\"wp-image-209\"\/><\/figure>\n\n\n\n<figure class=\"wp-block-image size-large\"><img loading=\"lazy\" decoding=\"async\" width=\"1024\" height=\"768\" data-id=\"210\" src=\"https:\/\/w01.fecg-rottweil.de\/wp-content\/uploads\/2023\/12\/WhatsApp-Image-2023-07-03-at-23.33.18.jpeg\" alt=\"\" class=\"wp-image-210\" srcset=\"https:\/\/www.fecg-rottweil.de\/wp-content\/uploads\/2023\/12\/WhatsApp-Image-2023-07-03-at-23.33.18.jpeg 1024w, https:\/\/www.fecg-rottweil.de\/wp-content\/uploads\/2023\/12\/WhatsApp-Image-2023-07-03-at-23.33.18-300x225.jpeg 300w, https:\/\/www.fecg-rottweil.de\/wp-content\/uploads\/2023\/12\/WhatsApp-Image-2023-07-03-at-23.33.18-768x576.jpeg 768w\" sizes=\"auto, (max-width: 1024px) 100vw, 1024px\" \/><\/figure>\n\n\n\n<figure class=\"wp-block-image size-large\"><img loading=\"lazy\" decoding=\"async\" width=\"768\" height=\"1024\" data-id=\"211\" src=\"https:\/\/w01.fecg-rottweil.de\/wp-content\/uploads\/2023\/12\/photo_5274086025943174557_y.jpg\" alt=\"\" class=\"wp-image-211\" srcset=\"https:\/\/www.fecg-rottweil.de\/wp-content\/uploads\/2023\/12\/photo_5274086025943174557_y.jpg 768w, https:\/\/www.fecg-rottweil.de\/wp-content\/uploads\/2023\/12\/photo_5274086025943174557_y-225x300.jpg 225w\" sizes=\"auto, (max-width: 768px) 100vw, 768px\" \/><\/figure>\n\n\n\n<figure class=\"wp-block-image size-large\"><img loading=\"lazy\" decoding=\"async\" width=\"1280\" height=\"960\" data-id=\"212\" src=\"https:\/\/w01.fecg-rottweil.de\/wp-content\/uploads\/2023\/12\/photo_5272015976260552959_y.jpg\" alt=\"\" class=\"wp-image-212\" srcset=\"https:\/\/www.fecg-rottweil.de\/wp-content\/uploads\/2023\/12\/photo_5272015976260552959_y.jpg 1280w, https:\/\/www.fecg-rottweil.de\/wp-content\/uploads\/2023\/12\/photo_5272015976260552959_y-300x225.jpg 300w, https:\/\/www.fecg-rottweil.de\/wp-content\/uploads\/2023\/12\/photo_5272015976260552959_y-1024x768.jpg 1024w, https:\/\/www.fecg-rottweil.de\/wp-content\/uploads\/2023\/12\/photo_5272015976260552959_y-768x576.jpg 768w\" sizes=\"auto, (max-width: 1280px) 100vw, 1280px\" \/><\/figure>\n\n\n\n<figure class=\"wp-block-image size-large\"><img loading=\"lazy\" decoding=\"async\" width=\"1024\" height=\"768\" data-id=\"213\" src=\"https:\/\/w01.fecg-rottweil.de\/wp-content\/uploads\/2023\/12\/WhatsApp-Image-2023-07-04-at-16.26.55.jpeg\" alt=\"\" class=\"wp-image-213\" srcset=\"https:\/\/www.fecg-rottweil.de\/wp-content\/uploads\/2023\/12\/WhatsApp-Image-2023-07-04-at-16.26.55.jpeg 1024w, https:\/\/www.fecg-rottweil.de\/wp-content\/uploads\/2023\/12\/WhatsApp-Image-2023-07-04-at-16.26.55-300x225.jpeg 300w, https:\/\/www.fecg-rottweil.de\/wp-content\/uploads\/2023\/12\/WhatsApp-Image-2023-07-04-at-16.26.55-768x576.jpeg 768w\" sizes=\"auto, (max-width: 1024px) 100vw, 1024px\" \/><\/figure>\n\n\n\n<figure class=\"wp-block-image size-large\"><img loading=\"lazy\" decoding=\"async\" width=\"1024\" height=\"768\" data-id=\"214\" src=\"https:\/\/w01.fecg-rottweil.de\/wp-content\/uploads\/2023\/12\/WhatsApp-Image-2023-07-03-at-23.46.05.jpeg\" alt=\"\" class=\"wp-image-214\" srcset=\"https:\/\/www.fecg-rottweil.de\/wp-content\/uploads\/2023\/12\/WhatsApp-Image-2023-07-03-at-23.46.05.jpeg 1024w, https:\/\/www.fecg-rottweil.de\/wp-content\/uploads\/2023\/12\/WhatsApp-Image-2023-07-03-at-23.46.05-300x225.jpeg 300w, https:\/\/www.fecg-rottweil.de\/wp-content\/uploads\/2023\/12\/WhatsApp-Image-2023-07-03-at-23.46.05-768x576.jpeg 768w\" sizes=\"auto, (max-width: 1024px) 100vw, 1024px\" \/><\/figure>\n\n\n\n<figure class=\"wp-block-image size-large\"><img loading=\"lazy\" decoding=\"async\" width=\"768\" height=\"1024\" data-id=\"215\" src=\"https:\/\/w01.fecg-rottweil.de\/wp-content\/uploads\/2023\/12\/WhatsApp-Image-2023-07-03-at-23.33.18-8.jpeg\" alt=\"\" class=\"wp-image-215\" srcset=\"https:\/\/www.fecg-rottweil.de\/wp-content\/uploads\/2023\/12\/WhatsApp-Image-2023-07-03-at-23.33.18-8.jpeg 768w, https:\/\/www.fecg-rottweil.de\/wp-content\/uploads\/2023\/12\/WhatsApp-Image-2023-07-03-at-23.33.18-8-225x300.jpeg 225w\" sizes=\"auto, (max-width: 768px) 100vw, 768px\" \/><\/figure>\n\n\n\n<figure class=\"wp-block-image size-large\"><img loading=\"lazy\" decoding=\"async\" width=\"577\" height=\"1024\" data-id=\"216\" src=\"https:\/\/w01.fecg-rottweil.de\/wp-content\/uploads\/2023\/12\/WhatsApp-Image-2023-07-03-at-23.29.16.jpeg\" alt=\"\" class=\"wp-image-216\" srcset=\"https:\/\/www.fecg-rottweil.de\/wp-content\/uploads\/2023\/12\/WhatsApp-Image-2023-07-03-at-23.29.16.jpeg 577w, https:\/\/www.fecg-rottweil.de\/wp-content\/uploads\/2023\/12\/WhatsApp-Image-2023-07-03-at-23.29.16-169x300.jpeg 169w\" sizes=\"auto, (max-width: 577px) 100vw, 577px\" \/><\/figure>\n\n\n\n<figure class=\"wp-block-image size-large\"><img loading=\"lazy\" decoding=\"async\" width=\"801\" height=\"601\" data-id=\"217\" src=\"https:\/\/w01.fecg-rottweil.de\/wp-content\/uploads\/2023\/12\/WhatsApp-Image-2023-07-04-at-00.09.44-1.jpeg\" alt=\"\" class=\"wp-image-217\" srcset=\"https:\/\/www.fecg-rottweil.de\/wp-content\/uploads\/2023\/12\/WhatsApp-Image-2023-07-04-at-00.09.44-1.jpeg 801w, https:\/\/www.fecg-rottweil.de\/wp-content\/uploads\/2023\/12\/WhatsApp-Image-2023-07-04-at-00.09.44-1-300x225.jpeg 300w, https:\/\/www.fecg-rottweil.de\/wp-content\/uploads\/2023\/12\/WhatsApp-Image-2023-07-04-at-00.09.44-1-768x576.jpeg 768w\" sizes=\"auto, (max-width: 801px) 100vw, 801px\" \/><\/figure>\n\n\n\n<figure class=\"wp-block-image size-large\"><img loading=\"lazy\" decoding=\"async\" width=\"461\" height=\"1024\" data-id=\"218\" src=\"https:\/\/w01.fecg-rottweil.de\/wp-content\/uploads\/2023\/12\/WhatsApp-Image-2023-07-03-at-23.32.42-5.jpeg\" alt=\"\" class=\"wp-image-218\" srcset=\"https:\/\/www.fecg-rottweil.de\/wp-content\/uploads\/2023\/12\/WhatsApp-Image-2023-07-03-at-23.32.42-5.jpeg 461w, https:\/\/www.fecg-rottweil.de\/wp-content\/uploads\/2023\/12\/WhatsApp-Image-2023-07-03-at-23.32.42-5-135x300.jpeg 135w\" sizes=\"auto, (max-width: 461px) 100vw, 461px\" \/><\/figure>\n\n\n\n<figure class=\"wp-block-image size-large\"><img loading=\"lazy\" decoding=\"async\" width=\"461\" height=\"1024\" data-id=\"219\" src=\"https:\/\/w01.fecg-rottweil.de\/wp-content\/uploads\/2023\/12\/WhatsApp-Image-2023-07-03-at-23.32.42-2.jpeg\" alt=\"\" class=\"wp-image-219\" srcset=\"https:\/\/www.fecg-rottweil.de\/wp-content\/uploads\/2023\/12\/WhatsApp-Image-2023-07-03-at-23.32.42-2.jpeg 461w, https:\/\/www.fecg-rottweil.de\/wp-content\/uploads\/2023\/12\/WhatsApp-Image-2023-07-03-at-23.32.42-2-135x300.jpeg 135w\" sizes=\"auto, (max-width: 461px) 100vw, 461px\" \/><\/figure>\n\n\n\n<figure class=\"wp-block-image size-large\"><img loading=\"lazy\" decoding=\"async\" width=\"577\" height=\"1024\" data-id=\"220\" src=\"https:\/\/w01.fecg-rottweil.de\/wp-content\/uploads\/2023\/12\/WhatsApp-Image-2023-07-03-at-23.28.56.jpeg\" alt=\"\" class=\"wp-image-220\" srcset=\"https:\/\/www.fecg-rottweil.de\/wp-content\/uploads\/2023\/12\/WhatsApp-Image-2023-07-03-at-23.28.56.jpeg 577w, https:\/\/www.fecg-rottweil.de\/wp-content\/uploads\/2023\/12\/WhatsApp-Image-2023-07-03-at-23.28.56-169x300.jpeg 169w\" sizes=\"auto, (max-width: 577px) 100vw, 577px\" \/><\/figure>\n<\/figure>\n\n\n\n<div class=\"wp-block-group\"><div class=\"wp-block-group__inner-container is-layout-constrained wp-block-group-is-layout-constrained\"><\/div><\/div>\n","protected":false},"excerpt":{"rendered":"<p>Ein kleines Land in Westafrika, das auch als die Perle Afrikas bekannt ist. Doch es hat auch eine andere Seite \u2013 brutale Armut, ein t\u00e4glicher \u00dcberlebenskampf und viele Kinder, darunter zahlreiche Waisenkinder. Das Land wird oft als missionsm\u00fcde beschrieben. Es wurde bereits viel Verk\u00fcndigungsarbeit verschiedener Konfessionen geleistet, aber oft werden die Neu-Bekehrten zur\u00fcckgelassen. Dies hat zu gro\u00dfer geistlicher Armut und Verwirrung gef\u00fchrt. CDH Stephanus ist hier in Uganda t\u00e4tig. Gemeinsam m\u00f6chten wir unter anderem durch Bildung, medizinische und humanit\u00e4re Arbeit&#8230;<\/p>\n<p class=\"read-more\"><a class=\"btn btn-default\" href=\"https:\/\/www.fecg-rottweil.de\/?page_id=33\">Weiterlesen<span class=\"screen-reader-text\"> Weiterlesen<\/span><\/a><\/p>\n","protected":false},"author":1,"featured_media":0,"parent":0,"menu_order":0,"comment_status":"closed","ping_status":"closed","template":"","meta":{"footnotes":""},"class_list":["post-33","page","type-page","status-publish","hentry"],"aioseo_notices":[],"_links":{"self":[{"href":"https:\/\/www.fecg-rottweil.de\/index.php?rest_route=\/wp\/v2\/pages\/33","targetHints":{"allow":["GET"]}}],"collection":[{"href":"https:\/\/www.fecg-rottweil.de\/index.php?rest_route=\/wp\/v2\/pages"}],"about":[{"href":"https:\/\/www.fecg-rottweil.de\/index.php?rest_route=\/wp\/v2\/types\/page"}],"author":[{"embeddable":true,"href":"https:\/\/www.fecg-rottweil.de\/index.php?rest_route=\/wp\/v2\/users\/1"}],"replies":[{"embeddable":true,"href":"https:\/\/www.fecg-rottweil.de\/index.php?rest_route=%2Fwp%2Fv2%2Fcomments&post=33"}],"version-history":[{"count":0,"href":"https:\/\/www.fecg-rottweil.de\/index.php?rest_route=\/wp\/v2\/pages\/33\/revisions"}],"wp:attachment":[{"href":"https:\/\/www.fecg-rottweil.de\/index.php?rest_route=%2Fwp%2Fv2%2Fmedia&parent=33"}],"curies":[{"name":"wp","href":"https:\/\/api.w.org\/{rel}","templated":true}]}}