{"id":327,"date":"2024-01-05T15:35:24","date_gmt":"2024-01-05T14:35:24","guid":{"rendered":"https:\/\/w01.fecg-rottweil.de\/?page_id=327"},"modified":"2026-02-01T16:22:16","modified_gmt":"2026-02-01T15:22:16","slug":"weihnachten-im-schuhkarton","status":"publish","type":"page","link":"https:\/\/www.fecg-rottweil.de\/?page_id=327","title":{"rendered":"Weihnachten im Schuhkarton"},"content":{"rendered":"\n<p>Ein L\u00e4cheln Schenken \u2013 Aus dieser Motivation starten wir j\u00e4hrlich die Aktion \u201eWeihnachten im Schuhkarton\u201c. Das ist eine Geschenkeaktion, bei der Freiwillige, fertig gepackte Schuhkartons mit verschiedensten Waren von Schulsachen und Hygieneartikel, bis hin zu S\u00fc\u00dfigkeiten spenden. Diese werden dann von ehrenamtlichen Helfern der Gemeinde nach Rum\u00e4nien und Moldawien gebracht. Diese L\u00e4nder z\u00e4hlen zu den \u00e4rmsten L\u00e4ndern Europas, in welchen Kinder oftmals unter prek\u00e4ren Verh\u00e4ltnissen aufwachsen. Damit k\u00f6nnen wir Kindern nicht nur materiell eine Freude schenken, sondern auch die wichtige Weihnachtsbotschaft \u00fcberbringen und uns an einem strahlendem Kinderl\u00e4cheln erfreuen.<\/p>\n\n\n\n<p>Dieses Projekt d\u00fcrfen wir nun schon seit 10 Jahren durchf\u00fchren und konnten insgesamt ca. 2000 gespendete Schuhkartons verteilen.<\/p>\n\n\n\n<figure class=\"wp-block-gallery has-nested-images columns-default is-cropped wp-block-gallery-1 is-layout-flex wp-block-gallery-is-layout-flex\">\n<figure class=\"wp-block-image size-full\"><img decoding=\"async\" data-id=\"329\" src=\"https:\/\/www2.fecg-rottweil.de\/wp-content\/uploads\/2024\/01\/IMG-20221208-WA0016.jpg\" alt=\"\" class=\"wp-image-329\"\/><\/figure>\n\n\n\n<figure class=\"wp-block-image size-full\"><img decoding=\"async\" data-id=\"334\" src=\"https:\/\/www2.fecg-rottweil.de\/wp-content\/uploads\/2024\/01\/Unbenannt.png\" alt=\"\" class=\"wp-image-334\"\/><\/figure>\n\n\n\n<figure class=\"wp-block-image size-large\"><img loading=\"lazy\" decoding=\"async\" width=\"1024\" height=\"933\" data-id=\"330\" src=\"https:\/\/www2.fecg-rottweil.de\/wp-content\/uploads\/2024\/01\/Bild1-1024x933.jpg\" alt=\"\" class=\"wp-image-330\"\/><\/figure>\n\n\n\n<figure class=\"wp-block-image size-large\"><img loading=\"lazy\" decoding=\"async\" width=\"485\" height=\"1024\" data-id=\"331\" src=\"https:\/\/www2.fecg-rottweil.de\/wp-content\/uploads\/2024\/01\/IMG-20221019-WA0011-485x1024.jpg\" alt=\"\" class=\"wp-image-331\"\/><\/figure>\n\n\n\n<figure class=\"wp-block-image size-full\"><img decoding=\"async\" data-id=\"335\" src=\"https:\/\/www2.fecg-rottweil.de\/wp-content\/uploads\/2024\/01\/IMG-20221019-WA0023.jpg\" alt=\"\" class=\"wp-image-335\"\/><\/figure>\n\n\n\n<figure class=\"wp-block-image size-large\"><img loading=\"lazy\" decoding=\"async\" width=\"480\" height=\"640\" data-id=\"333\" src=\"https:\/\/www2.fecg-rottweil.de\/wp-content\/uploads\/2024\/01\/20220103_114813-Klein-rotated-1.jpg\" alt=\"\" class=\"wp-image-333\" srcset=\"https:\/\/www.fecg-rottweil.de\/wp-content\/uploads\/2024\/01\/20220103_114813-Klein-rotated-1.jpg 480w, https:\/\/www.fecg-rottweil.de\/wp-content\/uploads\/2024\/01\/20220103_114813-Klein-rotated-1-225x300.jpg 225w\" sizes=\"auto, (max-width: 480px) 100vw, 480px\" \/><\/figure>\n<\/figure>\n\n\n\n<p><\/p>\n","protected":false},"excerpt":{"rendered":"<p>Ein L\u00e4cheln Schenken \u2013 Aus dieser Motivation starten wir j\u00e4hrlich die Aktion \u201eWeihnachten im Schuhkarton\u201c. Das ist eine Geschenkeaktion, bei der Freiwillige, fertig gepackte Schuhkartons mit verschiedensten Waren von Schulsachen und Hygieneartikel, bis hin zu S\u00fc\u00dfigkeiten spenden. Diese werden dann von ehrenamtlichen Helfern der Gemeinde nach Rum\u00e4nien und Moldawien gebracht. Diese L\u00e4nder z\u00e4hlen zu den \u00e4rmsten L\u00e4ndern Europas, in welchen Kinder oftmals unter prek\u00e4ren Verh\u00e4ltnissen aufwachsen. Damit k\u00f6nnen wir Kindern nicht nur materiell eine Freude schenken, sondern auch die wichtige&#8230;<\/p>\n<p class=\"read-more\"><a class=\"btn btn-default\" href=\"https:\/\/www.fecg-rottweil.de\/?page_id=327\">Weiterlesen<span class=\"screen-reader-text\"> Weiterlesen<\/span><\/a><\/p>\n","protected":false},"author":1,"featured_media":0,"parent":0,"menu_order":0,"comment_status":"closed","ping_status":"closed","template":"","meta":{"footnotes":""},"class_list":["post-327","page","type-page","status-publish","hentry"],"aioseo_notices":[],"_links":{"self":[{"href":"https:\/\/www.fecg-rottweil.de\/index.php?rest_route=\/wp\/v2\/pages\/327","targetHints":{"allow":["GET"]}}],"collection":[{"href":"https:\/\/www.fecg-rottweil.de\/index.php?rest_route=\/wp\/v2\/pages"}],"about":[{"href":"https:\/\/www.fecg-rottweil.de\/index.php?rest_route=\/wp\/v2\/types\/page"}],"author":[{"embeddable":true,"href":"https:\/\/www.fecg-rottweil.de\/index.php?rest_route=\/wp\/v2\/users\/1"}],"replies":[{"embeddable":true,"href":"https:\/\/www.fecg-rottweil.de\/index.php?rest_route=%2Fwp%2Fv2%2Fcomments&post=327"}],"version-history":[{"count":1,"href":"https:\/\/www.fecg-rottweil.de\/index.php?rest_route=\/wp\/v2\/pages\/327\/revisions"}],"predecessor-version":[{"id":464,"href":"https:\/\/www.fecg-rottweil.de\/index.php?rest_route=\/wp\/v2\/pages\/327\/revisions\/464"}],"wp:attachment":[{"href":"https:\/\/www.fecg-rottweil.de\/index.php?rest_route=%2Fwp%2Fv2%2Fmedia&parent=327"}],"curies":[{"name":"wp","href":"https:\/\/api.w.org\/{rel}","templated":true}]}}