{"id":151,"date":"2023-11-17T15:12:47","date_gmt":"2023-11-17T14:12:47","guid":{"rendered":"https:\/\/w01.fecg-rottweil.de\/?page_id=151"},"modified":"2026-02-01T16:21:07","modified_gmt":"2026-02-01T15:21:07","slug":"missionshalle","status":"publish","type":"page","link":"https:\/\/www.fecg-rottweil.de\/?page_id=151","title":{"rendered":"Missionshalle"},"content":{"rendered":"\n<p>Was ihr einem meiner Geringsten getan habt, das habt ihr mir getan.<\/p>\n\n\n\n<p>Diese Worte sprach Jesus als Mensch hier auf der Erde zu seinen J\u00fcngern und damit nicht nur zu ihnen, sondern zu allen Nachfolgern Jesu Christi.<\/p>\n\n\n\n<p>Und diesen Auftrag wollen wir auch mit unserer Mission erf\u00fcllen.<\/p>\n\n\n\n<p>Doch wir reden nicht von Afrika oder Asien, sondern von unserer kleinen Halle in Dunningen, wo die Werke getan werden, die auf den ersten Blick nicht zu sehen sind.<\/p>\n\n\n\n<p>\u201eWer im Kleinen treu ist, dem wird auch Gro\u00dfes anvertraut.\u201c Und in der Missionshalle Dunningen wird im Kleinen angefangen, was Gro\u00dfes bewirken kann.<\/p>\n\n\n\n<p>Der Sinn und Zweck der Halle ist: Spenden annehmen und lagern und diese f\u00fcr Transporte in die bed\u00fcrftigen L\u00e4nder vorbereiten.<\/p>\n\n\n\n<p>An diesem Werk ist jede helfende Hand gefragt. Hier werden Geschirr, Kinder- und Erwachsenenkleidung sortiert und in Pakete gepackt. Betten, Sofas und Haushaltsger\u00e4te werden nach Absprache abgeholt und in die Halle gebracht.<\/p>\n\n\n\n<p>Steht ein Transport an, werden die Sachen verladen und von uns vor Ort gebracht und verteilt. Die bisherigen L\u00e4nder im Osten sind Rum\u00e4nien und Moldawien sowie die von Kriegen betroffenen Gebiete der Ukraine.<\/p>\n\n\n\n<p>Hier kann jeder mit anpacken. Wenn du schon eine kleine Spende abgibst, kann sie f\u00fcr jemanden Gro\u00dfes bewirken, und du darfst dich am Werk Gottes beteiligen.<\/p>\n\n\n\n<figure class=\"wp-block-gallery has-nested-images columns-default is-cropped wp-block-gallery-1 is-layout-flex wp-block-gallery-is-layout-flex\">\n<figure class=\"wp-block-image size-large\"><img loading=\"lazy\" decoding=\"async\" width=\"1024\" height=\"576\" data-id=\"317\" src=\"https:\/\/www2.fecg-rottweil.de\/wp-content\/uploads\/2023\/12\/IMG-20211105-WA0023-1024x576.jpg\" alt=\"\" class=\"wp-image-317\"\/><\/figure>\n\n\n\n<figure class=\"wp-block-image size-large\"><img loading=\"lazy\" decoding=\"async\" width=\"1024\" height=\"768\" data-id=\"318\" src=\"https:\/\/www2.fecg-rottweil.de\/wp-content\/uploads\/2023\/12\/181E12EA-855E-4B68-A927-8284CD1DF9FF-scaled-1-1024x768.jpeg\" alt=\"\" class=\"wp-image-318\"\/><\/figure>\n\n\n\n<figure class=\"wp-block-image size-large\"><img loading=\"lazy\" decoding=\"async\" width=\"1024\" height=\"484\" data-id=\"319\" src=\"https:\/\/www2.fecg-rottweil.de\/wp-content\/uploads\/2023\/12\/IMG-20211105-WA0024-1024x484.jpg\" alt=\"\" class=\"wp-image-319\"\/><\/figure>\n\n\n\n<figure class=\"wp-block-image size-large\"><img loading=\"lazy\" decoding=\"async\" width=\"1024\" height=\"461\" data-id=\"320\" src=\"https:\/\/www2.fecg-rottweil.de\/wp-content\/uploads\/2023\/12\/0F8E8FC6-F39B-4B6B-B367-7391FA7126F7-1024x461.jpeg\" alt=\"\" class=\"wp-image-320\"\/><\/figure>\n\n\n\n<figure class=\"wp-block-image size-large\"><img loading=\"lazy\" decoding=\"async\" width=\"1024\" height=\"577\" data-id=\"321\" src=\"https:\/\/www2.fecg-rottweil.de\/wp-content\/uploads\/2023\/12\/6AE5B60D-1822-4D1C-93CE-6325301CDD9E-1024x577.jpeg\" alt=\"\" class=\"wp-image-321\"\/><\/figure>\n\n\n\n<figure class=\"wp-block-image size-large\"><img loading=\"lazy\" decoding=\"async\" width=\"1024\" height=\"768\" data-id=\"322\" src=\"https:\/\/www2.fecg-rottweil.de\/wp-content\/uploads\/2023\/12\/IMG-20220131-WA0003-1024x768.jpg\" alt=\"\" class=\"wp-image-322\"\/><\/figure>\n\n\n\n<figure class=\"wp-block-image size-large\"><img loading=\"lazy\" decoding=\"async\" width=\"768\" height=\"1024\" data-id=\"323\" src=\"https:\/\/www2.fecg-rottweil.de\/wp-content\/uploads\/2023\/12\/IMG-20221201-WA0019-768x1024.jpg\" alt=\"\" class=\"wp-image-323\"\/><\/figure>\n\n\n\n<figure class=\"wp-block-image size-large\"><img loading=\"lazy\" decoding=\"async\" width=\"768\" height=\"1024\" data-id=\"324\" src=\"https:\/\/www2.fecg-rottweil.de\/wp-content\/uploads\/2023\/12\/IMG-20221201-WA0024-768x1024.jpg\" alt=\"\" class=\"wp-image-324\"\/><\/figure>\n<\/figure>\n\n\n\n<p><\/p>\n","protected":false},"excerpt":{"rendered":"<p>Was ihr einem meiner Geringsten getan habt, das habt ihr mir getan. Diese Worte sprach Jesus als Mensch hier auf der Erde zu seinen J\u00fcngern und damit nicht nur zu ihnen, sondern zu allen Nachfolgern Jesu Christi. Und diesen Auftrag wollen wir auch mit unserer Mission erf\u00fcllen. Doch wir reden nicht von Afrika oder Asien, sondern von unserer kleinen Halle in Dunningen, wo die Werke getan werden, die auf den ersten Blick nicht zu sehen sind. \u201eWer im Kleinen treu&#8230;<\/p>\n<p class=\"read-more\"><a class=\"btn btn-default\" href=\"https:\/\/www.fecg-rottweil.de\/?page_id=151\">Weiterlesen<span class=\"screen-reader-text\"> Weiterlesen<\/span><\/a><\/p>\n","protected":false},"author":1,"featured_media":0,"parent":0,"menu_order":0,"comment_status":"closed","ping_status":"closed","template":"","meta":{"footnotes":""},"class_list":["post-151","page","type-page","status-publish","hentry"],"aioseo_notices":[],"_links":{"self":[{"href":"https:\/\/www.fecg-rottweil.de\/index.php?rest_route=\/wp\/v2\/pages\/151","targetHints":{"allow":["GET"]}}],"collection":[{"href":"https:\/\/www.fecg-rottweil.de\/index.php?rest_route=\/wp\/v2\/pages"}],"about":[{"href":"https:\/\/www.fecg-rottweil.de\/index.php?rest_route=\/wp\/v2\/types\/page"}],"author":[{"embeddable":true,"href":"https:\/\/www.fecg-rottweil.de\/index.php?rest_route=\/wp\/v2\/users\/1"}],"replies":[{"embeddable":true,"href":"https:\/\/www.fecg-rottweil.de\/index.php?rest_route=%2Fwp%2Fv2%2Fcomments&post=151"}],"version-history":[{"count":1,"href":"https:\/\/www.fecg-rottweil.de\/index.php?rest_route=\/wp\/v2\/pages\/151\/revisions"}],"predecessor-version":[{"id":463,"href":"https:\/\/www.fecg-rottweil.de\/index.php?rest_route=\/wp\/v2\/pages\/151\/revisions\/463"}],"wp:attachment":[{"href":"https:\/\/www.fecg-rottweil.de\/index.php?rest_route=%2Fwp%2Fv2%2Fmedia&parent=151"}],"curies":[{"name":"wp","href":"https:\/\/api.w.org\/{rel}","templated":true}]}}