{"id":12,"date":"2023-11-16T07:20:12","date_gmt":"2023-11-16T06:20:12","guid":{"rendered":"https:\/\/w01.fecg-rottweil.de\/?page_id=12"},"modified":"2026-02-01T16:07:15","modified_gmt":"2026-02-01T15:07:15","slug":"glaubensgrundsatz","status":"publish","type":"page","link":"https:\/\/www.fecg-rottweil.de\/","title":{"rendered":"\u00dcber uns"},"content":{"rendered":"\n<h2 class=\"wp-block-heading\">Wir sind &#8230;<\/h2>\n\n\n\n<p>&#8230; eine Freie Evangeliums Christen Gemeinde,&nbsp;die gemeinschaftlich den Glauben an das wahrhaftige Wort Gottes auslebt. Wir sind bestrebt, bibeltreu dem himmlischen Vater gehorsam zu sein und durch die Leitung des Heiligen Geistes Jesus Christus von Herzen nachzufolgen.<\/p>\n\n\n\n<div class=\"wp-block-columns is-layout-flex wp-container-core-columns-is-layout-9d6595d7 wp-block-columns-is-layout-flex\">\n<div class=\"wp-block-column is-layout-flow wp-block-column-is-layout-flow\"><\/div>\n\n\n\n<div class=\"wp-block-column is-layout-flow wp-block-column-is-layout-flow\"><\/div>\n\n\n\n<div class=\"wp-block-column is-layout-flow wp-block-column-is-layout-flow\"><\/div>\n<\/div>\n\n\n\n<h2 class=\"wp-block-heading\">Wir glauben an&#8230;<\/h2>\n\n\n\n<p><\/p>\n\n\n\n<h1 class=\"wp-block-heading has-text-align-center\">GOTTES WORT<\/h1>\n\n\n\n<p class=\"has-text-align-center\">Wir glauben, dass die Bibel das von Gott inspirierte, einzig unfehlbare und souver\u00e4ne Wort Gottes ist.<\/p>\n\n\n<div class=\"wp-block-image\">\n<figure class=\"aligncenter size-large is-resized\"><img loading=\"lazy\" decoding=\"async\" width=\"1024\" height=\"683\" src=\"https:\/\/www2.fecg-rottweil.de\/wp-content\/uploads\/2023\/12\/johannes-krupinski-0wUJ_6xZIyI-unsplash-1024x683.jpg\" alt=\"\" class=\"wp-image-173\" style=\"width:399px;height:auto\"\/><\/figure>\n<\/div>\n\n\n<h1 class=\"wp-block-heading has-text-align-center\">GOTT<\/h1>\n\n\n\n<p class=\"has-text-align-center\">Wir glauben an den einen ewigen Gott, der Vater, Sohn und der Heiliger Geist ist \u2013 drei Personen und doch eins! Der Sch\u00f6pfer von allem! <\/p>\n\n\n<div class=\"wp-block-image\">\n<figure class=\"aligncenter size-full is-resized\"><img decoding=\"async\" src=\"https:\/\/www2.fecg-rottweil.de\/wp-content\/uploads\/2024\/03\/image.png\" alt=\"\" class=\"wp-image-420\" style=\"width:413px;height:auto\"\/><\/figure>\n<\/div>\n\n\n<h1 class=\"wp-block-heading has-text-align-center\">JESUS CHRISTUS<\/h1>\n\n\n\n<p class=\"has-text-align-center\">Wir glauben an Jesus Christus, den Sohn Gottes, der vom Vater gesandt und durch den Heiligen Geist in der Jungfrau Maria als wahrer Mensch gezeugt wurde. Als wahrer Gott und wahrer Mensch f\u00fchrte Er ein s\u00fcndloses Leben auf dieser Erde. Wir glauben an die Wunder, die durch ihn vollbracht wurden, an seine Kreuzigung auf Golgatha und seine Auferstehung am dritten Tag.<\/p>\n\n\n\n<p class=\"has-text-align-center\">Wir glauben, dass Jesus stellvertretend f\u00fcr die S\u00fcnden der Menschen starb. Deswegen ist das einzige Mittel zur Reinigung und Befreiung von S\u00fcnden, die Bu\u00dfe und der Glaube an Jesu Christi.<\/p>\n\n\n<div class=\"wp-block-image\">\n<figure class=\"aligncenter size-large is-resized\"><img loading=\"lazy\" decoding=\"async\" width=\"1024\" height=\"683\" src=\"https:\/\/www2.fecg-rottweil.de\/wp-content\/uploads\/2023\/12\/greg-rosenke-jBI220z-cU4-unsplash-1024x683.jpg\" alt=\"\" class=\"wp-image-174\" style=\"width:408px;height:auto\"\/><\/figure>\n<\/div>\n\n\n<h1 class=\"wp-block-heading has-text-align-center\">GEISTESGABEN<\/h1>\n\n\n\n<p class=\"has-text-align-center\">Wir glauben an die Taufe im Heiligen Geist, die allen Gl\u00e4ubigen, die darum bitten, mit dem Begleitzeichen des \u201eReden in neuen Zungen\u201c gegeben wird. Wir glauben an alle biblischen Geistesgaben und das \u00fcbernat\u00fcrliche Wirken des Geistes Gottes, dies beinhaltet k\u00f6rperliche wie psychische Heilung.<\/p>\n\n\n<div class=\"wp-block-image\">\n<figure class=\"aligncenter size-large is-resized\"><img loading=\"lazy\" decoding=\"async\" width=\"1024\" height=\"683\" src=\"https:\/\/www2.fecg-rottweil.de\/wp-content\/uploads\/2024\/03\/paul-bulai-XOQJa4OC8P0-unsplash-scaled-1-1024x683.jpg\" alt=\"\" class=\"wp-image-423\" style=\"width:464px;height:auto\"\/><\/figure>\n<\/div>\n\n\n<h1 class=\"wp-block-heading has-text-align-center\">AUFERSTEHUNG<\/h1>\n\n\n\n<p class=\"has-text-align-center\">Wir glauben an die Auferstehung der Geretteten zum ewigen Leben und der Verlorenen zur ewigen Verdammnis.<\/p>\n\n\n<div class=\"wp-block-image\">\n<figure class=\"aligncenter size-large is-resized\"><img loading=\"lazy\" decoding=\"async\" width=\"1024\" height=\"680\" src=\"https:\/\/www2.fecg-rottweil.de\/wp-content\/uploads\/2024\/03\/bruno-van-der-kraan-v2HgNzRDfII-unsplash-scaled-1-1024x680.jpg\" alt=\"\" class=\"wp-image-422\" style=\"width:452px;height:auto\"\/><\/figure>\n<\/div>\n\n\n<div style=\"height:74px\" aria-hidden=\"true\" class=\"wp-block-spacer\"><\/div>\n\n\n\n<h2 class=\"wp-block-heading has-text-align-center\">Hier findest du uns!<\/h2>\n\n\n\n<p class=\"has-text-align-center\">Wir freuen uns schon auf deinen Besuch<\/p>\n\n\n\n<h2 class=\"wp-block-heading has-text-align-center\">Anfahrt<\/h2>\n\n\n\n<div class=\"wp-block-columns is-layout-flex wp-container-core-columns-is-layout-9d6595d7 wp-block-columns-is-layout-flex\">\n<div class=\"wp-block-column is-layout-flow wp-block-column-is-layout-flow\">\n<iframe src=\"https:\/\/www.google.com\/maps\/embed?pb=!1m18!1m12!1m3!1d1309.3655561521243!2d8.642490832043604!3d48.22910657305222!2m3!1f0!2f0!3f0!3m2!1i1024!2i768!4f13.1!3m3!1m2!1s0x4790a57b816bba8d%3A0x7d1704eefa2c5e42!2sFreie%20Christliche%20Gemeinde%20Rottweil%2FFECG%20Irslingen!5e0!3m2!1sde!2sde!4v1700222833995!5m2!1sde!2sde\" width=\"400\" height=\"300\" style=\"border:0;\" allowfullscreen=\"\" loading=\"lazy\" referrerpolicy=\"no-referrer-when-downgrade\"><\/iframe>\n<\/div>\n\n\n\n<div class=\"wp-block-column is-layout-flow wp-block-column-is-layout-flow\">\n<iframe src=\"https:\/\/www.google.com\/maps\/embed?pb=!1m18!1m12!1m3!1d3394.265124685648!2d8.699697346963115!3d48.198939764512815!2m3!1f0!2f0!3f0!3m2!1i1024!2i768!4f13.1!3m3!1m2!1s0x4790a67081ab27e5%3A0xa5048af52e518fa4!2sFreie%20Evangeliums%20Christengemeinde%20Rottweil!5e0!3m2!1sde!2sde!4v1700223018988!5m2!1sde!2sde\" width=\"400\" height=\"300\" style=\"border:0;\" allowfullscreen=\"\" loading=\"lazy\" referrerpolicy=\"no-referrer-when-downgrade\"><\/iframe>\n<\/div>\n<\/div>\n\n\n\n<div class=\"wp-block-columns is-layout-flex wp-container-core-columns-is-layout-9d6595d7 wp-block-columns-is-layout-flex\">\n<div class=\"wp-block-column is-layout-flow wp-block-column-is-layout-flow\">\n<p style=\"font-family: Arial; color: #555555; font-size: 14px;\">\n    <strong>FECG Rottweil\/Irslingen<\/strong><br>\n    Waidbachstra\u00dfe 3<br>\n    78661 Dietingen\n<\/p>\n<\/div>\n\n\n\n<div class=\"wp-block-column is-layout-flow wp-block-column-is-layout-flow\">\n<p style=\"font-family: Arial; color: #555555; font-size: 14px;\">\n    <strong>FECG Rottweil\/Neukirch<\/strong><br>\n    Eferenstra\u00dfe 11<br>\n    78628 Rottweil\n<\/p>\n<\/div>\n<\/div>\n\n\n\n<div style=\"height:69px\" aria-hidden=\"true\" class=\"wp-block-spacer\"><\/div>\n\n\n\n<h2 class=\"wp-block-heading has-text-align-left\">Kontakt<\/h2>\n\n\n\n<p><\/p>\n\n\n\n<div class=\"wp-block-columns is-layout-flex wp-container-core-columns-is-layout-9d6595d7 wp-block-columns-is-layout-flex\">\n<div class=\"wp-block-column is-layout-flow wp-block-column-is-layout-flow\">\n<p><\/p>\n\n\n\n<p class=\"has-text-align-left\">Gemeindeleiter: Viktor Buchmiller<\/p>\n\n\n\n<p>Telefon: 07404\/6499972<\/p>\n\n\n\n<p>E-Mail: kontakt@fecg-rottweil.de<\/p>\n<\/div>\n\n\n\n<div class=\"wp-block-column is-layout-flow wp-block-column-is-layout-flow\"><div class=\"wp-block-image is-resized is-style-rounded\">\n<figure class=\"aligncenter size-full\"><img loading=\"lazy\" decoding=\"async\" width=\"1069\" height=\"1600\" src=\"https:\/\/w01.fecg-rottweil.de\/wp-content\/uploads\/2024\/03\/WhatsApp-Image-2024-03-08-at-13.20.23.jpeg\" alt=\"\" class=\"wp-image-432\" style=\"width:186px;height:auto\" srcset=\"https:\/\/www.fecg-rottweil.de\/wp-content\/uploads\/2024\/03\/WhatsApp-Image-2024-03-08-at-13.20.23.jpeg 1069w, https:\/\/www.fecg-rottweil.de\/wp-content\/uploads\/2024\/03\/WhatsApp-Image-2024-03-08-at-13.20.23-200x300.jpeg 200w, https:\/\/www.fecg-rottweil.de\/wp-content\/uploads\/2024\/03\/WhatsApp-Image-2024-03-08-at-13.20.23-684x1024.jpeg 684w, https:\/\/www.fecg-rottweil.de\/wp-content\/uploads\/2024\/03\/WhatsApp-Image-2024-03-08-at-13.20.23-768x1149.jpeg 768w, https:\/\/www.fecg-rottweil.de\/wp-content\/uploads\/2024\/03\/WhatsApp-Image-2024-03-08-at-13.20.23-1026x1536.jpeg 1026w\" sizes=\"auto, (max-width: 1069px) 100vw, 1069px\" \/><\/figure>\n<\/div>\n\n\n<p><\/p>\n\n\n\n<p><\/p>\n<\/div>\n<\/div>\n\n\n\n<p class=\"has-text-align-center\"><\/p>\n","protected":false},"excerpt":{"rendered":"<p>Wir sind &#8230; &#8230; eine Freie Evangeliums Christen Gemeinde,&nbsp;die gemeinschaftlich den Glauben an das wahrhaftige Wort Gottes auslebt. Wir sind bestrebt, bibeltreu dem himmlischen Vater gehorsam zu sein und durch die Leitung des Heiligen Geistes Jesus Christus von Herzen nachzufolgen. Wir glauben an&#8230; GOTTES WORT Wir glauben, dass die Bibel das von Gott inspirierte, einzig unfehlbare und souver\u00e4ne Wort Gottes ist. GOTT Wir glauben an den einen ewigen Gott, der Vater, Sohn und der Heiliger Geist ist \u2013 drei Personen&#8230;<\/p>\n<p class=\"read-more\"><a class=\"btn btn-default\" href=\"https:\/\/www.fecg-rottweil.de\/\">Weiterlesen<span class=\"screen-reader-text\"> Weiterlesen<\/span><\/a><\/p>\n","protected":false},"author":1,"featured_media":0,"parent":0,"menu_order":0,"comment_status":"closed","ping_status":"closed","template":"","meta":{"footnotes":""},"class_list":["post-12","page","type-page","status-publish","hentry"],"aioseo_notices":[],"_links":{"self":[{"href":"https:\/\/www.fecg-rottweil.de\/index.php?rest_route=\/wp\/v2\/pages\/12","targetHints":{"allow":["GET"]}}],"collection":[{"href":"https:\/\/www.fecg-rottweil.de\/index.php?rest_route=\/wp\/v2\/pages"}],"about":[{"href":"https:\/\/www.fecg-rottweil.de\/index.php?rest_route=\/wp\/v2\/types\/page"}],"author":[{"embeddable":true,"href":"https:\/\/www.fecg-rottweil.de\/index.php?rest_route=\/wp\/v2\/users\/1"}],"replies":[{"embeddable":true,"href":"https:\/\/www.fecg-rottweil.de\/index.php?rest_route=%2Fwp%2Fv2%2Fcomments&post=12"}],"version-history":[{"count":1,"href":"https:\/\/www.fecg-rottweil.de\/index.php?rest_route=\/wp\/v2\/pages\/12\/revisions"}],"predecessor-version":[{"id":453,"href":"https:\/\/www.fecg-rottweil.de\/index.php?rest_route=\/wp\/v2\/pages\/12\/revisions\/453"}],"wp:attachment":[{"href":"https:\/\/www.fecg-rottweil.de\/index.php?rest_route=%2Fwp%2Fv2%2Fmedia&parent=12"}],"curies":[{"name":"wp","href":"https:\/\/api.w.org\/{rel}","templated":true}]}}